{"id":893,"date":"2025-06-30T16:58:54","date_gmt":"2025-06-30T16:58:54","guid":{"rendered":"https:\/\/sidonios.pt\/?page_id=893"},"modified":"2025-08-13T17:22:11","modified_gmt":"2025-08-13T16:22:11","slug":"sustentabilidade","status":"publish","type":"page","link":"https:\/\/sidonios.pt\/pt\/sustentabilidade\/","title":{"rendered":"Sustentabilidade"},"content":{"rendered":"<div data-elementor-type=\"wp-page\" data-elementor-id=\"893\" class=\"elementor elementor-893\" data-elementor-post-type=\"page\">\n\t\t\t\t<div class=\"elementor-element elementor-element-1d94a13 e-flex e-con-boxed e-con e-parent\" data-id=\"1d94a13\" data-element_type=\"container\" data-e-type=\"container\" data-settings=\"{&quot;background_background&quot;:&quot;classic&quot;}\">\n\t\t\t\t\t<div class=\"e-con-inner\">\n\t\t<div class=\"elementor-element elementor-element-1d2ac95 e-con-full e-flex e-con e-child\" data-id=\"1d2ac95\" data-element_type=\"container\" data-e-type=\"container\">\n\t\t\t\t<div class=\"elementor-element elementor-element-2273991 elementor-widget elementor-widget-heading\" data-id=\"2273991\" data-element_type=\"widget\" data-e-type=\"widget\" data-widget_type=\"heading.default\">\n\t\t\t\t<div class=\"elementor-widget-container\">\n\t\t\t\t\t<h1 class=\"elementor-heading-title elementor-size-default\">Sustentabilidade<\/h1>\t\t\t\t<\/div>\n\t\t\t\t<\/div>\n\t\t\t\t<\/div>\n\t\t<div class=\"elementor-element elementor-element-c09c338 e-con-full elementor-hidden-mobile e-flex e-con e-child\" data-id=\"c09c338\" data-element_type=\"container\" data-e-type=\"container\">\n\t\t\t\t<\/div>\n\t\t\t\t\t<\/div>\n\t\t\t\t<\/div>\n\t\t<div class=\"elementor-element elementor-element-cfe5be3 e-flex e-con-boxed e-con e-parent\" data-id=\"cfe5be3\" data-element_type=\"container\" data-e-type=\"container\" data-settings=\"{&quot;background_background&quot;:&quot;classic&quot;}\">\n\t\t\t\t\t<div class=\"e-con-inner\">\n\t\t<div class=\"elementor-element elementor-element-0707b63 e-con-full e-flex elementor-invisible e-con e-child\" data-id=\"0707b63\" data-element_type=\"container\" data-e-type=\"container\" data-settings=\"{&quot;animation&quot;:&quot;fadeInUp&quot;}\">\n\t\t<div class=\"elementor-element elementor-element-86713c9 e-con-full e-flex e-con e-child\" data-id=\"86713c9\" data-element_type=\"container\" data-e-type=\"container\">\n\t\t\t\t<div class=\"elementor-element elementor-element-05319d0 elementor-hidden-mobile elementor-widget elementor-widget-heading\" data-id=\"05319d0\" data-element_type=\"widget\" data-e-type=\"widget\" data-widget_type=\"heading.default\">\n\t\t\t\t<div class=\"elementor-widget-container\">\n\t\t\t\t\t<h5 class=\"elementor-heading-title elementor-size-default\">Sustentabilidade<\/h5>\t\t\t\t<\/div>\n\t\t\t\t<\/div>\n\t\t\t\t<\/div>\n\t\t<div class=\"elementor-element elementor-element-34d7d96 e-con-full e-flex e-con e-child\" data-id=\"34d7d96\" data-element_type=\"container\" data-e-type=\"container\">\n\t\t\t\t<div class=\"elementor-element elementor-element-eb4dafb elementor-widget__width-initial elementor-widget elementor-widget-text-editor\" data-id=\"eb4dafb\" data-element_type=\"widget\" data-e-type=\"widget\" data-widget_type=\"text-editor.default\">\n\t\t\t\t<div class=\"elementor-widget-container\">\n\t\t\t\t\t\t\t\t\t<p>A Sid\u00f3nios Malhas est\u00e1 profundamente empenhada na sustentabilidade e na produ\u00e7\u00e3o respons\u00e1vel. Apesar de termos um consumo de energia bastante reduzido, a nossa principal fonte de energia prov\u00e9m de fontes renov\u00e1veis.<\/p>\t\t\t\t\t\t\t\t<\/div>\n\t\t\t\t<\/div>\n\t\t\t\t<\/div>\n\t\t\t\t<\/div>\n\t\t<div class=\"elementor-element elementor-element-48fed5e e-con-full e-flex elementor-invisible e-con e-child\" data-id=\"48fed5e\" data-element_type=\"container\" data-e-type=\"container\" data-settings=\"{&quot;animation&quot;:&quot;fadeInUp&quot;}\">\n\t\t\t\t<div class=\"elementor-element elementor-element-6d10e25 ui-e-animation-fade elementor-invisible elementor-widget elementor-widget-uicore-custom-slider\" data-id=\"6d10e25\" data-element_type=\"widget\" data-e-type=\"widget\" data-settings=\"{&quot;navigation&quot;:&quot;dots&quot;,&quot;_animation&quot;:&quot;fadeInUp&quot;,&quot;carousel_gap_tablet&quot;:{&quot;unit&quot;:&quot;px&quot;,&quot;size&quot;:&quot;&quot;,&quot;sizes&quot;:[]},&quot;carousel_gap_mobile&quot;:{&quot;unit&quot;:&quot;px&quot;,&quot;size&quot;:&quot;&quot;,&quot;sizes&quot;:[]},&quot;animation_style&quot;:&quot;fade&quot;,&quot;grab_cursor&quot;:&quot;yes&quot;,&quot;loop&quot;:&quot;true&quot;,&quot;overflow_container&quot;:&quot;container&quot;}\" data-widget_type=\"uicore-custom-slider.default\">\n\t\t\t\t<div class=\"elementor-widget-container\">\n\t\t\t\t\t        <div class=\"ui-e-carousel ui-e-nested swiper\">\n\n            <div class='swiper-wrapper'>\n                        <div class=\"ui-e-wrp swiper-slide\" data-hash=\"0\">\n            <div class=\"ui-e-item elementor-element elementor-element-8cd11e4 e-con-full e-flex e-con e-child\" data-id=\"8cd11e4\" data-element_type=\"container\" data-e-type=\"container\" data-settings=\"{&quot;background_background&quot;:&quot;classic&quot;}\">\n\t\t\t\t<div class=\"elementor-element elementor-element-94fb64e elementor-widget elementor-widget-spacer\" data-id=\"94fb64e\" data-element_type=\"widget\" data-e-type=\"widget\" data-widget_type=\"spacer.default\">\n\t\t\t\t<div class=\"elementor-widget-container\">\n\t\t\t\t\t\t\t<div class=\"elementor-spacer\">\n\t\t\t<div class=\"elementor-spacer-inner\"><\/div>\n\t\t<\/div>\n\t\t\t\t\t\t<\/div>\n\t\t\t\t<\/div>\n\t\t\t\t<\/div>\n\t\t        <\/div>\n            <div class=\"ui-e-wrp swiper-slide\" data-hash=\"1\">\n            <div class=\"ui-e-item ui-e-item elementor-element elementor-element-0111ec3 e-con-full e-flex e-con e-child\" data-id=\"0111ec3\" data-element_type=\"container\" data-e-type=\"container\" data-settings=\"{&quot;background_background&quot;:&quot;classic&quot;}\">\n\t\t\t\t<div class=\"elementor-element elementor-element-ae90867 elementor-widget elementor-widget-spacer\" data-id=\"ae90867\" data-element_type=\"widget\" data-e-type=\"widget\" data-widget_type=\"spacer.default\">\n\t\t\t\t<div class=\"elementor-widget-container\">\n\t\t\t\t\t\t\t<div class=\"elementor-spacer\">\n\t\t\t<div class=\"elementor-spacer-inner\"><\/div>\n\t\t<\/div>\n\t\t\t\t\t\t<\/div>\n\t\t\t\t<\/div>\n\t\t\t\t<\/div>\n\t\t        <\/div>\n            <div class=\"ui-e-wrp swiper-slide\" data-hash=\"2\">\n            <div class=\"ui-e-item ui-e-item ui-e-item elementor-element elementor-element-95f5987 e-con-full e-flex e-con e-child\" data-id=\"95f5987\" data-element_type=\"container\" data-e-type=\"container\" data-settings=\"{&quot;background_background&quot;:&quot;classic&quot;}\">\n\t\t\t\t<div class=\"elementor-element elementor-element-0ab7746 elementor-widget elementor-widget-spacer\" data-id=\"0ab7746\" data-element_type=\"widget\" data-e-type=\"widget\" data-widget_type=\"spacer.default\">\n\t\t\t\t<div class=\"elementor-widget-container\">\n\t\t\t\t\t\t\t<div class=\"elementor-spacer\">\n\t\t\t<div class=\"elementor-spacer-inner\"><\/div>\n\t\t<\/div>\n\t\t\t\t\t\t<\/div>\n\t\t\t\t<\/div>\n\t\t\t\t<\/div>\n\t\t        <\/div>\n                <\/div>\n\n        <\/div>\n\n        \t\t\t<div class=\"swiper-pagination ui-e-dots ui-e-carousel-dots\"><\/div>\n\t\t    \t\t\t\t<\/div>\n\t\t\t\t<\/div>\n\t\t\t\t<\/div>\n\t\t<div class=\"elementor-element elementor-element-08111d6 e-con-full e-flex elementor-invisible e-con e-child\" data-id=\"08111d6\" data-element_type=\"container\" data-e-type=\"container\" data-settings=\"{&quot;animation&quot;:&quot;fadeInUp&quot;}\">\n\t\t\t\t<div class=\"elementor-element elementor-element-558d76b elementor-widget elementor-widget-heading\" data-id=\"558d76b\" data-element_type=\"widget\" data-e-type=\"widget\" data-widget_type=\"heading.default\">\n\t\t\t\t<div class=\"elementor-widget-container\">\n\t\t\t\t\t<h5 class=\"elementor-heading-title elementor-size-default\">Materiais renov\u00e1veis<\/h5>\t\t\t\t<\/div>\n\t\t\t\t<\/div>\n\t\t\t\t<\/div>\n\t\t<div class=\"elementor-element elementor-element-8bdf7c0 e-con-full e-flex elementor-invisible e-con e-child\" data-id=\"8bdf7c0\" data-element_type=\"container\" data-e-type=\"container\" data-settings=\"{&quot;animation&quot;:&quot;fadeInUp&quot;}\">\n\t\t\t\t<div class=\"elementor-element elementor-element-c755d11 elementor-widget__width-initial elementor-widget-mobile__width-inherit elementor-invisible elementor-widget elementor-widget-text-editor\" data-id=\"c755d11\" data-element_type=\"widget\" data-e-type=\"widget\" data-settings=\"{&quot;_animation_delay&quot;:750,&quot;_animation&quot;:&quot;fadeInUp&quot;}\" data-widget_type=\"text-editor.default\">\n\t\t\t\t<div class=\"elementor-widget-container\">\n\t\t\t\t\t\t\t\t\t<p>Damos \u00eanfase \u00e0 utiliza\u00e7\u00e3o de fibras renov\u00e1veis e ecol\u00f3gicas e adoptamos m\u00e9todos de produ\u00e7\u00e3o circular para reduzir os res\u00edduos, minimizar o consumo de recursos e apoiar uma economia de ciclo fechado. Ao estabelecer parcerias com fornecedores que partilham o nosso esp\u00edrito ambiental, garantimos que os materiais que adquirimos contribuem para um planeta mais saud\u00e1vel.<\/p>\t\t\t\t\t\t\t\t<\/div>\n\t\t\t\t<\/div>\n\t\t\t\t<\/div>\n\t\t\t\t\t<\/div>\n\t\t\t\t<\/div>\n\t\t\t\t<\/div>","protected":false},"excerpt":{"rendered":"<p>Sustainability Sustainability Sid\u00f3nios Malhas is deeply committed to sustainability and responsible production. Although we have a fairly low energy consumption our main [&hellip;]<\/p>\n","protected":false},"author":1,"featured_media":0,"parent":0,"menu_order":0,"comment_status":"closed","ping_status":"closed","template":"","meta":{"footnotes":""},"class_list":["post-893","page","type-page","status-publish","hentry"],"_links":{"self":[{"href":"https:\/\/sidonios.pt\/pt\/wp-json\/wp\/v2\/pages\/893","targetHints":{"allow":["GET"]}}],"collection":[{"href":"https:\/\/sidonios.pt\/pt\/wp-json\/wp\/v2\/pages"}],"about":[{"href":"https:\/\/sidonios.pt\/pt\/wp-json\/wp\/v2\/types\/page"}],"author":[{"embeddable":true,"href":"https:\/\/sidonios.pt\/pt\/wp-json\/wp\/v2\/users\/1"}],"replies":[{"embeddable":true,"href":"https:\/\/sidonios.pt\/pt\/wp-json\/wp\/v2\/comments?post=893"}],"version-history":[{"count":28,"href":"https:\/\/sidonios.pt\/pt\/wp-json\/wp\/v2\/pages\/893\/revisions"}],"predecessor-version":[{"id":1695,"href":"https:\/\/sidonios.pt\/pt\/wp-json\/wp\/v2\/pages\/893\/revisions\/1695"}],"wp:attachment":[{"href":"https:\/\/sidonios.pt\/pt\/wp-json\/wp\/v2\/media?parent=893"}],"curies":[{"name":"wp","href":"https:\/\/api.w.org\/{rel}","templated":true}]}}