{"id":1347,"date":"2025-07-10T11:15:24","date_gmt":"2025-07-10T11:15:24","guid":{"rendered":"https:\/\/sidonios.pt\/?page_id=1347"},"modified":"2025-07-15T16:00:25","modified_gmt":"2025-07-15T16:00:25","slug":"politica-de-privacidade","status":"publish","type":"page","link":"https:\/\/sidonios.pt\/pt\/politica-de-privacidade\/","title":{"rendered":"Pol\u00edtica de privacidade"},"content":{"rendered":"<div data-elementor-type=\"wp-page\" data-elementor-id=\"1347\" class=\"elementor elementor-1347\" data-elementor-post-type=\"page\">\n\t\t\t\t<div class=\"elementor-element elementor-element-1d94a13 e-flex e-con-boxed e-con e-parent\" data-id=\"1d94a13\" data-element_type=\"container\" data-e-type=\"container\" data-settings=\"{&quot;background_background&quot;:&quot;classic&quot;}\">\n\t\t\t\t\t<div class=\"e-con-inner\">\n\t\t<div class=\"elementor-element elementor-element-1d2ac95 e-con-full e-flex e-con e-child\" data-id=\"1d2ac95\" data-element_type=\"container\" data-e-type=\"container\">\n\t\t\t\t<div class=\"elementor-element elementor-element-5b94879 elementor-widget elementor-widget-heading\" data-id=\"5b94879\" data-element_type=\"widget\" data-e-type=\"widget\" data-widget_type=\"heading.default\">\n\t\t\t\t<div class=\"elementor-widget-container\">\n\t\t\t\t\t<h1 class=\"elementor-heading-title elementor-size-default\">Pol\u00edtica de privacidade<\/h1>\t\t\t\t<\/div>\n\t\t\t\t<\/div>\n\t\t\t\t<\/div>\n\t\t<div class=\"elementor-element elementor-element-c09c338 e-con-full elementor-hidden-mobile e-flex e-con e-child\" data-id=\"c09c338\" data-element_type=\"container\" data-e-type=\"container\">\n\t\t\t\t<div class=\"elementor-element elementor-element-395213b elementor-align-justify elementor-widget__width-initial e-transform e-transform elementor-widget elementor-widget-button\" data-id=\"395213b\" data-element_type=\"widget\" data-e-type=\"widget\" data-settings=\"{&quot;_transform_rotateZ_effect&quot;:{&quot;unit&quot;:&quot;px&quot;,&quot;size&quot;:-15,&quot;sizes&quot;:[]},&quot;_transform_rotateZ_effect_hover&quot;:{&quot;unit&quot;:&quot;px&quot;,&quot;size&quot;:15,&quot;sizes&quot;:[]},&quot;_transform_rotateZ_effect_tablet&quot;:{&quot;unit&quot;:&quot;deg&quot;,&quot;size&quot;:&quot;&quot;,&quot;sizes&quot;:[]},&quot;_transform_rotateZ_effect_mobile&quot;:{&quot;unit&quot;:&quot;deg&quot;,&quot;size&quot;:&quot;&quot;,&quot;sizes&quot;:[]},&quot;_transform_rotateZ_effect_hover_tablet&quot;:{&quot;unit&quot;:&quot;deg&quot;,&quot;size&quot;:&quot;&quot;,&quot;sizes&quot;:[]},&quot;_transform_rotateZ_effect_hover_mobile&quot;:{&quot;unit&quot;:&quot;deg&quot;,&quot;size&quot;:&quot;&quot;,&quot;sizes&quot;:[]}}\" data-widget_type=\"button.default\">\n\t\t\t\t<div class=\"elementor-widget-container\">\n\t\t\t\t\t\t\t\t\t<div class=\"elementor-button-wrapper\">\n\t\t\t\t\t<a class=\"elementor-button elementor-button-link elementor-size-sm\" href=\"#about\">\n\t\t\t\t\t\t<span class=\"elementor-button-content-wrapper\">\n\t\t\t\t\t\t\t\t\t<span class=\"elementor-button-text\">Pergaminho <br> Para baixo<\/span>\n\t\t\t\t\t<\/span>\n\t\t\t\t\t<\/a>\n\t\t\t\t<\/div>\n\t\t\t\t\t\t\t\t<\/div>\n\t\t\t\t<\/div>\n\t\t\t\t<\/div>\n\t\t\t\t\t<\/div>\n\t\t\t\t<\/div>\n\t\t<div class=\"elementor-element elementor-element-4a671fbb e-flex e-con-boxed e-con e-parent\" data-id=\"4a671fbb\" data-element_type=\"container\" data-e-type=\"container\" data-settings=\"{&quot;background_background&quot;:&quot;classic&quot;}\">\n\t\t\t\t\t<div class=\"e-con-inner\">\n\t\t<div class=\"elementor-element elementor-element-892b0c8 e-con-full e-flex e-con e-child\" data-id=\"892b0c8\" data-element_type=\"container\" data-e-type=\"container\">\n\t\t\t\t<div class=\"elementor-element elementor-element-8729e72 elementor-widget__width-initial elementor-widget elementor-widget-heading\" data-id=\"8729e72\" data-element_type=\"widget\" data-e-type=\"widget\" data-widget_type=\"heading.default\">\n\t\t\t\t<div class=\"elementor-widget-container\">\n\t\t\t\t\t<h2 class=\"elementor-heading-title elementor-size-default\">A Sid\u00f3nios Malhas S.A. reconhece a import\u00e2ncia de proteger os dados pessoais dos seus clientes e de todos os que visitam o site, pelo que desenvolveu uma norma de seguran\u00e7a comportamental que cumpre todos os requisitos do Regulamento Geral de Prote\u00e7\u00e3o de Dados.<\/h2>\t\t\t\t<\/div>\n\t\t\t\t<\/div>\n\t\t\t\t<div class=\"elementor-element elementor-element-4344175 elementor-widget elementor-widget-heading\" data-id=\"4344175\" data-element_type=\"widget\" data-e-type=\"widget\" data-widget_type=\"heading.default\">\n\t\t\t\t<div class=\"elementor-widget-container\">\n\t\t\t\t\t<h3 class=\"elementor-heading-title elementor-size-default\">Respons\u00e1vel pelo tratamento<\/h3>\t\t\t\t<\/div>\n\t\t\t\t<\/div>\n\t\t\t\t<div class=\"elementor-element elementor-element-15a21ba elementor-widget elementor-widget-text-editor\" data-id=\"15a21ba\" data-element_type=\"widget\" data-e-type=\"widget\" data-widget_type=\"text-editor.default\">\n\t\t\t\t<div class=\"elementor-widget-container\">\n\t\t\t\t\t\t\t\t\t<p>A Sid\u00f3nios Malhas S.A. \u00e9 uma empresa que se dedica ao fabrico de tecidos de malha.<\/p>\t\t\t\t\t\t\t\t<\/div>\n\t\t\t\t<\/div>\n\t\t\t\t<div class=\"elementor-element elementor-element-38dc183 elementor-widget elementor-widget-heading\" data-id=\"38dc183\" data-element_type=\"widget\" data-e-type=\"widget\" data-widget_type=\"heading.default\">\n\t\t\t\t<div class=\"elementor-widget-container\">\n\t\t\t\t\t<h3 class=\"elementor-heading-title elementor-size-default\">Identidade e miss\u00e3o<\/h3>\t\t\t\t<\/div>\n\t\t\t\t<\/div>\n\t\t\t\t<div class=\"elementor-element elementor-element-a1c024c elementor-widget elementor-widget-text-editor\" data-id=\"a1c024c\" data-element_type=\"widget\" data-e-type=\"widget\" data-widget_type=\"text-editor.default\">\n\t\t\t\t<div class=\"elementor-widget-container\">\n\t\t\t\t\t\t\t\t\t<p>A nossa empresa \u00e9 especializada na conce\u00e7\u00e3o, desenvolvimento e produ\u00e7\u00e3o de malhas circulares para vestu\u00e1rio de homem, senhora e crian\u00e7a. As tecnologias que instal\u00e1mos permitem-nos produzir produtos que v\u00e3o desde o vestu\u00e1rio \u00edntimo ao vestu\u00e1rio de desporto ativo e de prote\u00e7\u00e3o, passando pelo vestu\u00e1rio exterior de moda e pelo pronto-a-vestir de luxo. A empresa sempre se pautou pelos mais elevados princ\u00edpios \u00e9ticos e legais e sempre respeitou a privacidade de todos aqueles cujos dados pessoais recolhe e trata para o exerc\u00edcio da sua atividade. Embora a nossa atividade principal n\u00e3o consista no tratamento direto de dados pessoais, este \u00e9 acess\u00f3rio \u00e0 nossa atividade e \u00e9 por isso que damos estas garantias.<\/p>\t\t\t\t\t\t\t\t<\/div>\n\t\t\t\t<\/div>\n\t\t\t\t<div class=\"elementor-element elementor-element-205a3ab elementor-widget elementor-widget-heading\" data-id=\"205a3ab\" data-element_type=\"widget\" data-e-type=\"widget\" data-widget_type=\"heading.default\">\n\t\t\t\t<div class=\"elementor-widget-container\">\n\t\t\t\t\t<h3 class=\"elementor-heading-title elementor-size-default\">Tratamento de dados pessoais<\/h3>\t\t\t\t<\/div>\n\t\t\t\t<\/div>\n\t\t\t\t<div class=\"elementor-element elementor-element-647f22c elementor-widget elementor-widget-text-editor\" data-id=\"647f22c\" data-element_type=\"widget\" data-e-type=\"widget\" data-widget_type=\"text-editor.default\">\n\t\t\t\t<div class=\"elementor-widget-container\">\n\t\t\t\t\t\t\t\t\t<p>Os poucos dados pessoais recolhidos junto dos seus trabalhadores, fornecedores e clientes t\u00eam como \u00fanica finalidade a conce\u00e7\u00e3o, confe\u00e7\u00e3o, promo\u00e7\u00e3o, divulga\u00e7\u00e3o e comercializa\u00e7\u00e3o dos nossos produtos. Na nossa atividade, procedemos \u00e0 recolha de dados no momento da celebra\u00e7\u00e3o de contratos de trabalho, de presta\u00e7\u00e3o de servi\u00e7os, de fornecimento e outros, com a \u00fanica finalidade de celebrar contratos e cumprir as obriga\u00e7\u00f5es legais e contratuais inerentes a esses contratos e \u00e0 nossa atividade.<\/p>\t\t\t\t\t\t\t\t<\/div>\n\t\t\t\t<\/div>\n\t\t\t\t<div class=\"elementor-element elementor-element-5aa5136 elementor-widget elementor-widget-heading\" data-id=\"5aa5136\" data-element_type=\"widget\" data-e-type=\"widget\" data-widget_type=\"heading.default\">\n\t\t\t\t<div class=\"elementor-widget-container\">\n\t\t\t\t\t<h3 class=\"elementor-heading-title elementor-size-default\">Subcontratantes<\/h3>\t\t\t\t<\/div>\n\t\t\t\t<\/div>\n\t\t\t\t<div class=\"elementor-element elementor-element-a1a15e9 elementor-widget elementor-widget-text-editor\" data-id=\"a1a15e9\" data-element_type=\"widget\" data-e-type=\"widget\" data-widget_type=\"text-editor.default\">\n\t\t\t\t<div class=\"elementor-widget-container\">\n\t\t\t\t\t\t\t\t\t<p>A nossa empresa compromete-se a recorrer apenas a subcontratantes que nos ofere\u00e7am garantias suficientes de tratamento de dados de acordo e em conformidade com as regras de tratamento decorrentes do RGPD. Os titulares de dados pessoais podem ter a certeza de que os seus dados ser\u00e3o tratados de forma confidencial e de acordo com todas as regras de tratamento de dados e com esta pol\u00edtica de privacidade, bem como com as ordens, instru\u00e7\u00f5es e procedimentos internos de respeito pela privacidade do titular dos dados.<\/p>\t\t\t\t\t\t\t\t<\/div>\n\t\t\t\t<\/div>\n\t\t\t\t<div class=\"elementor-element elementor-element-751dee3 elementor-widget elementor-widget-heading\" data-id=\"751dee3\" data-element_type=\"widget\" data-e-type=\"widget\" data-widget_type=\"heading.default\">\n\t\t\t\t<div class=\"elementor-widget-container\">\n\t\t\t\t\t<h3 class=\"elementor-heading-title elementor-size-default\">Garantias de tratamento de dados<\/h3>\t\t\t\t<\/div>\n\t\t\t\t<\/div>\n\t\t\t\t<div class=\"elementor-element elementor-element-804082b elementor-widget elementor-widget-text-editor\" data-id=\"804082b\" data-element_type=\"widget\" data-e-type=\"widget\" data-widget_type=\"text-editor.default\">\n\t\t\t\t<div class=\"elementor-widget-container\">\n\t\t\t\t\t\t\t\t\t<p>Pautamos toda a nossa atua\u00e7\u00e3o e estendemos aos terceiros e subcontratantes as seguintes regras de tratamento de dados:<\/p><ul><li>os dados pessoais ser\u00e3o tratados em obedi\u00eancia ao regime legal de tratamento de dados, \u00e0 presente pol\u00edtica de privacidade e com a garantia de um tratamento legal, leal e transparente;<\/li><li>os dados recolhidos s\u00e3o meramente instrumentais \u00e0 nossa atividade, destinando-se a prosseguir uma finalidade determinada, espec\u00edfica e leg\u00edtima, n\u00e3o tendo um tratamento posterior incompat\u00edvel com estas finalidades;<\/li><li>respeitamos o princ\u00edpio da minimiza\u00e7\u00e3o dos dados, recolhendo apenas os dados considerados adequados, relevantes e necess\u00e1rios \u00e0s finalidades da recolha e tratamento;<\/li><li>em obedi\u00eancia ao princ\u00edpio da exatid\u00e3o, manteremos os seus dados exatos e atualizados sempre que necess\u00e1rio, sendo adotadas e disponibilizadas ao seu titular todas as medidas necess\u00e1rias a garantir a sua exatid\u00e3o permanente e corre\u00e7\u00e3o, nomeadamente o direito de retifica\u00e7\u00e3o;<\/li><li>assumimos o princ\u00edpio da preocupa\u00e7\u00e3o da conserva\u00e7\u00e3o dos seus dados de forma a que seja poss\u00edvel identific\u00e1-lo apenas durante o per\u00edodo necess\u00e1rio para as finalidades para as quais os dados s\u00e3o tratados;<\/li><li>trataremos os seus dados de acordo com o princ\u00edpio da seguran\u00e7a - protegendo os seus dados de um eventual tratamento ilegal e n\u00e3o autorizado, prevenindo eventuais perdas, a sua destrui\u00e7\u00e3o ou dano imprevisto, adotando todas as medidas t\u00e9cnicas e organizativas adequadas a um tratamento de dados que garanta a seguran\u00e7a, integridade e confidencialidade dos dados;<\/li><li>A nossa legitimidade para o tratamento de dados pessoais assenta no consentimento do seu titular - sempre que o mesmo seja a \u00fanica causa de legitimidade - na necessidade de cumprir o contrato ou procedimentos pr\u00e9-contratuais, na salvaguarda de interesses vitais do pr\u00f3prio ou de terceiro, bem como no cumprimento de obriga\u00e7\u00f5es legais ou ainda sempre que o tratamento seja necess\u00e1rio para efeito dos interesses leg\u00edtimos da empresa;<\/li><li>sempre que lhe seja solicitado consentimento para o tratamento de dados, prestaremos a informa\u00e7\u00e3o necess\u00e1ria quanto \u00e0s finalidades do tratamento e mantemo-nos fi\u00e9is a estas finalidades.<\/li><\/ul>\t\t\t\t\t\t\t\t<\/div>\n\t\t\t\t<\/div>\n\t\t\t\t<div class=\"elementor-element elementor-element-cf2036d elementor-widget elementor-widget-heading\" data-id=\"cf2036d\" data-element_type=\"widget\" data-e-type=\"widget\" data-widget_type=\"heading.default\">\n\t\t\t\t<div class=\"elementor-widget-container\">\n\t\t\t\t\t<h3 class=\"elementor-heading-title elementor-size-default\">Direitos do propriet\u00e1rio<\/h3>\t\t\t\t<\/div>\n\t\t\t\t<\/div>\n\t\t\t\t<div class=\"elementor-element elementor-element-36a0b2a elementor-widget elementor-widget-text-editor\" data-id=\"36a0b2a\" data-element_type=\"widget\" data-e-type=\"widget\" data-widget_type=\"text-editor.default\">\n\t\t\t\t<div class=\"elementor-widget-container\">\n\t\t\t\t\t\t\t\t\t<p>O titular dos dados ter\u00e1 o direito, em qualquer momento, de aceder aos seus dados pessoais e ao tratamento que lhes \u00e9 efectuado, podendo consult\u00e1-los, rectific\u00e1-los, solicitar o seu apagamento ou destrui\u00e7\u00e3o, a sua portabilidade, bem como opor-se ao seu tratamento ou \u00e0 tomada de decis\u00f5es baseadas na defini\u00e7\u00e3o de um perfil automatizado. Pode exercer os seus direitos enviando um e-mail para sidonios@sidonios.com.<\/p>\t\t\t\t\t\t\t\t<\/div>\n\t\t\t\t<\/div>\n\t\t\t\t<div class=\"elementor-element elementor-element-a2c7bd8 elementor-widget elementor-widget-heading\" data-id=\"a2c7bd8\" data-element_type=\"widget\" data-e-type=\"widget\" data-widget_type=\"heading.default\">\n\t\t\t\t<div class=\"elementor-widget-container\">\n\t\t\t\t\t<h3 class=\"elementor-heading-title elementor-size-default\">Direitos de imagem<\/h3>\t\t\t\t<\/div>\n\t\t\t\t<\/div>\n\t\t\t\t<div class=\"elementor-element elementor-element-bfac24b elementor-widget elementor-widget-text-editor\" data-id=\"bfac24b\" data-element_type=\"widget\" data-e-type=\"widget\" data-widget_type=\"text-editor.default\">\n\t\t\t\t<div class=\"elementor-widget-container\">\n\t\t\t\t\t\t\t\t\t<p>A sua imagem ser\u00e1 protegida e salvaguardada, e s\u00f3 ser\u00e1 divulgada com o seu consentimento, quando o contexto comercial, contratual ou promocional o justificar, e sempre de forma a que nenhuma das pessoas seja perfeitamente identific\u00e1vel ou identificada. Os seus dados n\u00e3o s\u00e3o um neg\u00f3cio para n\u00f3s, os seus dados s\u00e3o informa\u00e7\u00f5es de que necessitamos para realizar o nosso trabalho e prestar-lhe o melhor servi\u00e7o poss\u00edvel.<\/p>\t\t\t\t\t\t\t\t<\/div>\n\t\t\t\t<\/div>\n\t\t\t\t<\/div>\n\t\t\t\t\t<\/div>\n\t\t\t\t<\/div>\n\t\t\t\t<\/div>","protected":false},"excerpt":{"rendered":"<p>Privacy Policy Scroll Down Sid\u00f3nios Malhas S.A. recognises the importance of protecting the personal data of its customers and all those who [&hellip;]<\/p>\n","protected":false},"author":1,"featured_media":0,"parent":0,"menu_order":0,"comment_status":"closed","ping_status":"closed","template":"","meta":{"footnotes":""},"class_list":["post-1347","page","type-page","status-publish","hentry"],"_links":{"self":[{"href":"https:\/\/sidonios.pt\/pt\/wp-json\/wp\/v2\/pages\/1347","targetHints":{"allow":["GET"]}}],"collection":[{"href":"https:\/\/sidonios.pt\/pt\/wp-json\/wp\/v2\/pages"}],"about":[{"href":"https:\/\/sidonios.pt\/pt\/wp-json\/wp\/v2\/types\/page"}],"author":[{"embeddable":true,"href":"https:\/\/sidonios.pt\/pt\/wp-json\/wp\/v2\/users\/1"}],"replies":[{"embeddable":true,"href":"https:\/\/sidonios.pt\/pt\/wp-json\/wp\/v2\/comments?post=1347"}],"version-history":[{"count":7,"href":"https:\/\/sidonios.pt\/pt\/wp-json\/wp\/v2\/pages\/1347\/revisions"}],"predecessor-version":[{"id":1357,"href":"https:\/\/sidonios.pt\/pt\/wp-json\/wp\/v2\/pages\/1347\/revisions\/1357"}],"wp:attachment":[{"href":"https:\/\/sidonios.pt\/pt\/wp-json\/wp\/v2\/media?parent=1347"}],"curies":[{"name":"wp","href":"https:\/\/api.w.org\/{rel}","templated":true}]}}