{"id":1347,"date":"2025-07-10T11:15:24","date_gmt":"2025-07-10T11:15:24","guid":{"rendered":"https:\/\/sidonios.pt\/?page_id=1347"},"modified":"2025-07-15T16:00:25","modified_gmt":"2025-07-15T16:00:25","slug":"informativa-sulla-privacy","status":"publish","type":"page","link":"https:\/\/sidonios.pt\/it\/informativa-sulla-privacy\/","title":{"rendered":"Informativa sulla privacy"},"content":{"rendered":"<div data-elementor-type=\"wp-page\" data-elementor-id=\"1347\" class=\"elementor elementor-1347\" data-elementor-post-type=\"page\">\n\t\t\t\t<div class=\"elementor-element elementor-element-1d94a13 e-flex e-con-boxed e-con e-parent\" data-id=\"1d94a13\" data-element_type=\"container\" data-e-type=\"container\" data-settings=\"{&quot;background_background&quot;:&quot;classic&quot;}\">\n\t\t\t\t\t<div class=\"e-con-inner\">\n\t\t<div class=\"elementor-element elementor-element-1d2ac95 e-con-full e-flex e-con e-child\" data-id=\"1d2ac95\" data-element_type=\"container\" data-e-type=\"container\">\n\t\t\t\t<div class=\"elementor-element elementor-element-5b94879 elementor-widget elementor-widget-heading\" data-id=\"5b94879\" data-element_type=\"widget\" data-e-type=\"widget\" data-widget_type=\"heading.default\">\n\t\t\t\t<div class=\"elementor-widget-container\">\n\t\t\t\t\t<h1 class=\"elementor-heading-title elementor-size-default\">Informativa sulla privacy<\/h1>\t\t\t\t<\/div>\n\t\t\t\t<\/div>\n\t\t\t\t<\/div>\n\t\t<div class=\"elementor-element elementor-element-c09c338 e-con-full elementor-hidden-mobile e-flex e-con e-child\" data-id=\"c09c338\" data-element_type=\"container\" data-e-type=\"container\">\n\t\t\t\t<div class=\"elementor-element elementor-element-395213b elementor-align-justify elementor-widget__width-initial e-transform e-transform elementor-widget elementor-widget-button\" data-id=\"395213b\" data-element_type=\"widget\" data-e-type=\"widget\" data-settings=\"{&quot;_transform_rotateZ_effect&quot;:{&quot;unit&quot;:&quot;px&quot;,&quot;size&quot;:-15,&quot;sizes&quot;:[]},&quot;_transform_rotateZ_effect_hover&quot;:{&quot;unit&quot;:&quot;px&quot;,&quot;size&quot;:15,&quot;sizes&quot;:[]},&quot;_transform_rotateZ_effect_tablet&quot;:{&quot;unit&quot;:&quot;deg&quot;,&quot;size&quot;:&quot;&quot;,&quot;sizes&quot;:[]},&quot;_transform_rotateZ_effect_mobile&quot;:{&quot;unit&quot;:&quot;deg&quot;,&quot;size&quot;:&quot;&quot;,&quot;sizes&quot;:[]},&quot;_transform_rotateZ_effect_hover_tablet&quot;:{&quot;unit&quot;:&quot;deg&quot;,&quot;size&quot;:&quot;&quot;,&quot;sizes&quot;:[]},&quot;_transform_rotateZ_effect_hover_mobile&quot;:{&quot;unit&quot;:&quot;deg&quot;,&quot;size&quot;:&quot;&quot;,&quot;sizes&quot;:[]}}\" data-widget_type=\"button.default\">\n\t\t\t\t<div class=\"elementor-widget-container\">\n\t\t\t\t\t\t\t\t\t<div class=\"elementor-button-wrapper\">\n\t\t\t\t\t<a class=\"elementor-button elementor-button-link elementor-size-sm\" href=\"#about\">\n\t\t\t\t\t\t<span class=\"elementor-button-content-wrapper\">\n\t\t\t\t\t\t\t\t\t<span class=\"elementor-button-text\">Pergamena <br> In basso<\/span>\n\t\t\t\t\t<\/span>\n\t\t\t\t\t<\/a>\n\t\t\t\t<\/div>\n\t\t\t\t\t\t\t\t<\/div>\n\t\t\t\t<\/div>\n\t\t\t\t<\/div>\n\t\t\t\t\t<\/div>\n\t\t\t\t<\/div>\n\t\t<div class=\"elementor-element elementor-element-4a671fbb e-flex e-con-boxed e-con e-parent\" data-id=\"4a671fbb\" data-element_type=\"container\" data-e-type=\"container\" data-settings=\"{&quot;background_background&quot;:&quot;classic&quot;}\">\n\t\t\t\t\t<div class=\"e-con-inner\">\n\t\t<div class=\"elementor-element elementor-element-892b0c8 e-con-full e-flex e-con e-child\" data-id=\"892b0c8\" data-element_type=\"container\" data-e-type=\"container\">\n\t\t\t\t<div class=\"elementor-element elementor-element-8729e72 elementor-widget__width-initial elementor-widget elementor-widget-heading\" data-id=\"8729e72\" data-element_type=\"widget\" data-e-type=\"widget\" data-widget_type=\"heading.default\">\n\t\t\t\t<div class=\"elementor-widget-container\">\n\t\t\t\t\t<h2 class=\"elementor-heading-title elementor-size-default\">Sid\u00f3nios Malhas S.A. riconosce l'importanza di proteggere i dati personali dei propri clienti e di tutti coloro che visitano il sito, e per questo ha sviluppato uno standard di sicurezza comportamentale conforme a tutti i requisiti del Regolamento generale sulla protezione dei dati.<\/h2>\t\t\t\t<\/div>\n\t\t\t\t<\/div>\n\t\t\t\t<div class=\"elementor-element elementor-element-4344175 elementor-widget elementor-widget-heading\" data-id=\"4344175\" data-element_type=\"widget\" data-e-type=\"widget\" data-widget_type=\"heading.default\">\n\t\t\t\t<div class=\"elementor-widget-container\">\n\t\t\t\t\t<h3 class=\"elementor-heading-title elementor-size-default\">Responsabile del trattamento<\/h3>\t\t\t\t<\/div>\n\t\t\t\t<\/div>\n\t\t\t\t<div class=\"elementor-element elementor-element-15a21ba elementor-widget elementor-widget-text-editor\" data-id=\"15a21ba\" data-element_type=\"widget\" data-e-type=\"widget\" data-widget_type=\"text-editor.default\">\n\t\t\t\t<div class=\"elementor-widget-container\">\n\t\t\t\t\t\t\t\t\t<p>Sid\u00f3nios Malhas S.A. \u00e8 un'azienda che produce tessuti a maglia.<\/p>\t\t\t\t\t\t\t\t<\/div>\n\t\t\t\t<\/div>\n\t\t\t\t<div class=\"elementor-element elementor-element-38dc183 elementor-widget elementor-widget-heading\" data-id=\"38dc183\" data-element_type=\"widget\" data-e-type=\"widget\" data-widget_type=\"heading.default\">\n\t\t\t\t<div class=\"elementor-widget-container\">\n\t\t\t\t\t<h3 class=\"elementor-heading-title elementor-size-default\">Identit\u00e0 e missione<\/h3>\t\t\t\t<\/div>\n\t\t\t\t<\/div>\n\t\t\t\t<div class=\"elementor-element elementor-element-a1c024c elementor-widget elementor-widget-text-editor\" data-id=\"a1c024c\" data-element_type=\"widget\" data-e-type=\"widget\" data-widget_type=\"text-editor.default\">\n\t\t\t\t<div class=\"elementor-widget-container\">\n\t\t\t\t\t\t\t\t\t<p>La nostra azienda \u00e8 specializzata nella progettazione, nello sviluppo e nella produzione di maglieria circolare per l'abbigliamento maschile, femminile e per bambini. Le tecnologie installate ci permettono di produrre prodotti che vanno dall'abbigliamento intimo a quello sportivo attivo e protettivo, oltre a capispalla di moda e pr\u00eat-\u00e0-porter di lusso. L'azienda \u00e8 sempre stata guidata dai pi\u00f9 alti principi etici e legali e ha sempre rispettato la privacy di tutti coloro di cui raccoglie e tratta i dati personali per svolgere la propria attivit\u00e0. Sebbene la nostra attivit\u00e0 principale non consista nel trattamento diretto di dati personali, questo \u00e8 accessorio alla nostra attivit\u00e0 ed \u00e8 per questo che forniamo queste garanzie.<\/p>\t\t\t\t\t\t\t\t<\/div>\n\t\t\t\t<\/div>\n\t\t\t\t<div class=\"elementor-element elementor-element-205a3ab elementor-widget elementor-widget-heading\" data-id=\"205a3ab\" data-element_type=\"widget\" data-e-type=\"widget\" data-widget_type=\"heading.default\">\n\t\t\t\t<div class=\"elementor-widget-container\">\n\t\t\t\t\t<h3 class=\"elementor-heading-title elementor-size-default\">Trattamento dei dati personali<\/h3>\t\t\t\t<\/div>\n\t\t\t\t<\/div>\n\t\t\t\t<div class=\"elementor-element elementor-element-647f22c elementor-widget elementor-widget-text-editor\" data-id=\"647f22c\" data-element_type=\"widget\" data-e-type=\"widget\" data-widget_type=\"text-editor.default\">\n\t\t\t\t<div class=\"elementor-widget-container\">\n\t\t\t\t\t\t\t\t\t<p>I numerosi dati personali raccolti insieme ai nostri collaboratori, fornitori e clienti hanno come unica finalit\u00e0 l'ideazione, la creazione, la promozione, la divulgazione e la commercializzazione dei nostri prodotti. Nella nostra attivit\u00e0, procediamo alla raccolta di dati al momento della stipula di contratti di lavoro, di prestazione di servizi, di fornitura e altro, con l'unico scopo di celebrare i contratti e di adempiere agli obblighi legali e contrattuali relativi ai contratti stessi e alla nostra attivit\u00e0.<\/p>\t\t\t\t\t\t\t\t<\/div>\n\t\t\t\t<\/div>\n\t\t\t\t<div class=\"elementor-element elementor-element-5aa5136 elementor-widget elementor-widget-heading\" data-id=\"5aa5136\" data-element_type=\"widget\" data-e-type=\"widget\" data-widget_type=\"heading.default\">\n\t\t\t\t<div class=\"elementor-widget-container\">\n\t\t\t\t\t<h3 class=\"elementor-heading-title elementor-size-default\">Subappaltatori<\/h3>\t\t\t\t<\/div>\n\t\t\t\t<\/div>\n\t\t\t\t<div class=\"elementor-element elementor-element-a1a15e9 elementor-widget elementor-widget-text-editor\" data-id=\"a1a15e9\" data-element_type=\"widget\" data-e-type=\"widget\" data-widget_type=\"text-editor.default\">\n\t\t\t\t<div class=\"elementor-widget-container\">\n\t\t\t\t\t\t\t\t\t<p>La nostra azienda si impegna a utilizzare esclusivamente subappaltatori che ci forniscano sufficienti garanzie di trattamento dei dati in conformit\u00e0 e rispetto delle norme di trattamento derivanti dal GDPR. I titolari di dati personali possono essere certi che i loro dati saranno trattati in modo confidenziale e in conformit\u00e0 a tutte le norme sul trattamento dei dati e alla presente informativa sulla privacy, nonch\u00e9 agli ordini, alle istruzioni e alle procedure interne per il rispetto della privacy dell'interessato.<\/p>\t\t\t\t\t\t\t\t<\/div>\n\t\t\t\t<\/div>\n\t\t\t\t<div class=\"elementor-element elementor-element-751dee3 elementor-widget elementor-widget-heading\" data-id=\"751dee3\" data-element_type=\"widget\" data-e-type=\"widget\" data-widget_type=\"heading.default\">\n\t\t\t\t<div class=\"elementor-widget-container\">\n\t\t\t\t\t<h3 class=\"elementor-heading-title elementor-size-default\">Garanzie sul trattamento dei dati<\/h3>\t\t\t\t<\/div>\n\t\t\t\t<\/div>\n\t\t\t\t<div class=\"elementor-element elementor-element-804082b elementor-widget elementor-widget-text-editor\" data-id=\"804082b\" data-element_type=\"widget\" data-e-type=\"widget\" data-widget_type=\"text-editor.default\">\n\t\t\t\t<div class=\"elementor-widget-container\">\n\t\t\t\t\t\t\t\t\t<p>Ci riserviamo tutta l'atua\u00e7\u00e3o e offriamo ai terzi e ai subappaltatori le seguenti regole di trattamento dei dati:<\/p><ul><li>i dati personali sono trattati nel rispetto del regime legale di trattamento dei dati, della presente politica di riservatezza e con la garanzia di un trattamento legale, leale e trasparente;<\/li><li>i dati raccolti sono assolutamente strumentali alla nostra attivit\u00e0, destinati a perseguire una finalit\u00e0 determinata, specifica e legittima, senza che vi sia un trattamento posteriore incompatibile con tali finalit\u00e0;<\/li><li>ribadiamo il principio della minimizzazione dei dati, recuperando solo i dati considerati adeguati, pertinenti e necessari per le finalit\u00e0 del recupero e del trattamento;<\/li><li>in obbedienza al principio dell'esattezza, conserviamo i nostri dati esatti e aggiornati ogni volta che sia necessario, adottando e mettendo a disposizione del titolare tutte le misure necessarie per garantire la sua esattezza permanente e corretta, in particolare il diritto di rettifica;<\/li><li>assumiamo il principio della preoccupazione di conservare i propri dati in modo che sia possibile identificarli solo durante il periodo necessario per le finalit\u00e0 per le quali i dati sono trattati;<\/li><li>trattiamo i nostri dati in accordo con il principio della sicurezza - proteggendo i nostri dati da un eventuale trattamento illegale e non autorizzato, prevenendo eventuali perdite, la sua distruzione o il dano imprevisto, adottando tutte le misure tecniche e organizzative adeguate a un trattamento dei dati che ne garantisca la sicurezza, l'integrit\u00e0 e la riservatezza;<\/li><li>La nostra legittimazione al trattamento dei dati personali si basa sul consenso del titolare - sempre che questo sia l'unica causa di legittimazione - e sulla necessit\u00e0 di rispettare il contratto o i procedimenti precontrattuali, na salvaguarda de interesses vitais do pr\u00f3prio ou de terceiro, bem como no cumprimento de obriga\u00e7\u00f5es legais ou ainda sempre que o tratamento seja necess\u00e1rio para efeito dos interesses leg\u00edtimos da empresa;<\/li><li>sempre che venga richiesto il consenso per il trattamento dei dati, forniamo le informazioni necessarie per quanto riguarda le finalit\u00e0 del trattamento e rimaniamo fedeli a tali finalit\u00e0.<\/li><\/ul>\t\t\t\t\t\t\t\t<\/div>\n\t\t\t\t<\/div>\n\t\t\t\t<div class=\"elementor-element elementor-element-cf2036d elementor-widget elementor-widget-heading\" data-id=\"cf2036d\" data-element_type=\"widget\" data-e-type=\"widget\" data-widget_type=\"heading.default\">\n\t\t\t\t<div class=\"elementor-widget-container\">\n\t\t\t\t\t<h3 class=\"elementor-heading-title elementor-size-default\">Diritti del proprietario<\/h3>\t\t\t\t<\/div>\n\t\t\t\t<\/div>\n\t\t\t\t<div class=\"elementor-element elementor-element-36a0b2a elementor-widget elementor-widget-text-editor\" data-id=\"36a0b2a\" data-element_type=\"widget\" data-e-type=\"widget\" data-widget_type=\"text-editor.default\">\n\t\t\t\t<div class=\"elementor-widget-container\">\n\t\t\t\t\t\t\t\t\t<p>L'interessato avr\u00e0 il diritto, in qualsiasi momento, di accedere ai propri dati personali e al trattamento che ne viene fatto, potendoli consultare, rettificare, chiederne la cancellazione o la distruzione, la portabilit\u00e0, nonch\u00e9 opporsi al loro trattamento o all'adozione di decisioni basate sulla definizione di un profilo automatizzato. \u00c8 possibile esercitare i propri diritti inviando un'e-mail a sidonios@sidonios.com.<\/p>\t\t\t\t\t\t\t\t<\/div>\n\t\t\t\t<\/div>\n\t\t\t\t<div class=\"elementor-element elementor-element-a2c7bd8 elementor-widget elementor-widget-heading\" data-id=\"a2c7bd8\" data-element_type=\"widget\" data-e-type=\"widget\" data-widget_type=\"heading.default\">\n\t\t\t\t<div class=\"elementor-widget-container\">\n\t\t\t\t\t<h3 class=\"elementor-heading-title elementor-size-default\">Diritti di immagine<\/h3>\t\t\t\t<\/div>\n\t\t\t\t<\/div>\n\t\t\t\t<div class=\"elementor-element elementor-element-bfac24b elementor-widget elementor-widget-text-editor\" data-id=\"bfac24b\" data-element_type=\"widget\" data-e-type=\"widget\" data-widget_type=\"text-editor.default\">\n\t\t\t\t<div class=\"elementor-widget-container\">\n\t\t\t\t\t\t\t\t\t<p>La vostra immagine sar\u00e0 protetta e salvaguardata, e sar\u00e0 divulgata solo con il vostro consenso, quando il contesto commerciale, contrattuale o promozionale lo giustifica, e sempre in modo tale che nessuna delle persone sia perfettamente identificabile o identificata. I vostri dati non sono un business per noi, i vostri dati sono informazioni che ci servono per svolgere il nostro lavoro e fornirvi il miglior servizio possibile.<\/p>\t\t\t\t\t\t\t\t<\/div>\n\t\t\t\t<\/div>\n\t\t\t\t<\/div>\n\t\t\t\t\t<\/div>\n\t\t\t\t<\/div>\n\t\t\t\t<\/div>","protected":false},"excerpt":{"rendered":"<p>Privacy Policy Scroll Down Sid\u00f3nios Malhas S.A. recognises the importance of protecting the personal data of its customers and all those who [&hellip;]<\/p>\n","protected":false},"author":1,"featured_media":0,"parent":0,"menu_order":0,"comment_status":"closed","ping_status":"closed","template":"","meta":{"footnotes":""},"class_list":["post-1347","page","type-page","status-publish","hentry"],"_links":{"self":[{"href":"https:\/\/sidonios.pt\/it\/wp-json\/wp\/v2\/pages\/1347","targetHints":{"allow":["GET"]}}],"collection":[{"href":"https:\/\/sidonios.pt\/it\/wp-json\/wp\/v2\/pages"}],"about":[{"href":"https:\/\/sidonios.pt\/it\/wp-json\/wp\/v2\/types\/page"}],"author":[{"embeddable":true,"href":"https:\/\/sidonios.pt\/it\/wp-json\/wp\/v2\/users\/1"}],"replies":[{"embeddable":true,"href":"https:\/\/sidonios.pt\/it\/wp-json\/wp\/v2\/comments?post=1347"}],"version-history":[{"count":7,"href":"https:\/\/sidonios.pt\/it\/wp-json\/wp\/v2\/pages\/1347\/revisions"}],"predecessor-version":[{"id":1357,"href":"https:\/\/sidonios.pt\/it\/wp-json\/wp\/v2\/pages\/1347\/revisions\/1357"}],"wp:attachment":[{"href":"https:\/\/sidonios.pt\/it\/wp-json\/wp\/v2\/media?parent=1347"}],"curies":[{"name":"wp","href":"https:\/\/api.w.org\/{rel}","templated":true}]}}