{"id":1347,"date":"2025-07-10T11:15:24","date_gmt":"2025-07-10T11:15:24","guid":{"rendered":"https:\/\/sidonios.pt\/?page_id=1347"},"modified":"2025-07-15T16:00:25","modified_gmt":"2025-07-15T16:00:25","slug":"politique-de-confidentialite","status":"publish","type":"page","link":"https:\/\/sidonios.pt\/fr\/politique-de-confidentialite\/","title":{"rendered":"Politique de confidentialit\u00e9"},"content":{"rendered":"<div data-elementor-type=\"wp-page\" data-elementor-id=\"1347\" class=\"elementor elementor-1347\" data-elementor-post-type=\"page\">\n\t\t\t\t<div class=\"elementor-element elementor-element-1d94a13 e-flex e-con-boxed e-con e-parent\" data-id=\"1d94a13\" data-element_type=\"container\" data-e-type=\"container\" data-settings=\"{&quot;background_background&quot;:&quot;classic&quot;}\">\n\t\t\t\t\t<div class=\"e-con-inner\">\n\t\t<div class=\"elementor-element elementor-element-1d2ac95 e-con-full e-flex e-con e-child\" data-id=\"1d2ac95\" data-element_type=\"container\" data-e-type=\"container\">\n\t\t\t\t<div class=\"elementor-element elementor-element-5b94879 elementor-widget elementor-widget-heading\" data-id=\"5b94879\" data-element_type=\"widget\" data-e-type=\"widget\" data-widget_type=\"heading.default\">\n\t\t\t\t<div class=\"elementor-widget-container\">\n\t\t\t\t\t<h1 class=\"elementor-heading-title elementor-size-default\">Politique de confidentialit\u00e9<\/h1>\t\t\t\t<\/div>\n\t\t\t\t<\/div>\n\t\t\t\t<\/div>\n\t\t<div class=\"elementor-element elementor-element-c09c338 e-con-full elementor-hidden-mobile e-flex e-con e-child\" data-id=\"c09c338\" data-element_type=\"container\" data-e-type=\"container\">\n\t\t\t\t<div class=\"elementor-element elementor-element-395213b elementor-align-justify elementor-widget__width-initial e-transform e-transform elementor-widget elementor-widget-button\" data-id=\"395213b\" data-element_type=\"widget\" data-e-type=\"widget\" data-settings=\"{&quot;_transform_rotateZ_effect&quot;:{&quot;unit&quot;:&quot;px&quot;,&quot;size&quot;:-15,&quot;sizes&quot;:[]},&quot;_transform_rotateZ_effect_hover&quot;:{&quot;unit&quot;:&quot;px&quot;,&quot;size&quot;:15,&quot;sizes&quot;:[]},&quot;_transform_rotateZ_effect_tablet&quot;:{&quot;unit&quot;:&quot;deg&quot;,&quot;size&quot;:&quot;&quot;,&quot;sizes&quot;:[]},&quot;_transform_rotateZ_effect_mobile&quot;:{&quot;unit&quot;:&quot;deg&quot;,&quot;size&quot;:&quot;&quot;,&quot;sizes&quot;:[]},&quot;_transform_rotateZ_effect_hover_tablet&quot;:{&quot;unit&quot;:&quot;deg&quot;,&quot;size&quot;:&quot;&quot;,&quot;sizes&quot;:[]},&quot;_transform_rotateZ_effect_hover_mobile&quot;:{&quot;unit&quot;:&quot;deg&quot;,&quot;size&quot;:&quot;&quot;,&quot;sizes&quot;:[]}}\" data-widget_type=\"button.default\">\n\t\t\t\t<div class=\"elementor-widget-container\">\n\t\t\t\t\t\t\t\t\t<div class=\"elementor-button-wrapper\">\n\t\t\t\t\t<a class=\"elementor-button elementor-button-link elementor-size-sm\" href=\"#about\">\n\t\t\t\t\t\t<span class=\"elementor-button-content-wrapper\">\n\t\t\t\t\t\t\t\t\t<span class=\"elementor-button-text\">Parchemin <br> En bas<\/span>\n\t\t\t\t\t<\/span>\n\t\t\t\t\t<\/a>\n\t\t\t\t<\/div>\n\t\t\t\t\t\t\t\t<\/div>\n\t\t\t\t<\/div>\n\t\t\t\t<\/div>\n\t\t\t\t\t<\/div>\n\t\t\t\t<\/div>\n\t\t<div class=\"elementor-element elementor-element-4a671fbb e-flex e-con-boxed e-con e-parent\" data-id=\"4a671fbb\" data-element_type=\"container\" data-e-type=\"container\" data-settings=\"{&quot;background_background&quot;:&quot;classic&quot;}\">\n\t\t\t\t\t<div class=\"e-con-inner\">\n\t\t<div class=\"elementor-element elementor-element-892b0c8 e-con-full e-flex e-con e-child\" data-id=\"892b0c8\" data-element_type=\"container\" data-e-type=\"container\">\n\t\t\t\t<div class=\"elementor-element elementor-element-8729e72 elementor-widget__width-initial elementor-widget elementor-widget-heading\" data-id=\"8729e72\" data-element_type=\"widget\" data-e-type=\"widget\" data-widget_type=\"heading.default\">\n\t\t\t\t<div class=\"elementor-widget-container\">\n\t\t\t\t\t<h2 class=\"elementor-heading-title elementor-size-default\">Sid\u00f3nios Malhas S.A. reconna\u00eet l'importance de la protection des donn\u00e9es personnelles de ses clients et de tous ceux qui visitent le site, et a donc d\u00e9velopp\u00e9 une norme de s\u00e9curit\u00e9 comportementale conforme \u00e0 toutes les exigences du R\u00e8glement g\u00e9n\u00e9ral sur la protection des donn\u00e9es.<\/h2>\t\t\t\t<\/div>\n\t\t\t\t<\/div>\n\t\t\t\t<div class=\"elementor-element elementor-element-4344175 elementor-widget elementor-widget-heading\" data-id=\"4344175\" data-element_type=\"widget\" data-e-type=\"widget\" data-widget_type=\"heading.default\">\n\t\t\t\t<div class=\"elementor-widget-container\">\n\t\t\t\t\t<h3 class=\"elementor-heading-title elementor-size-default\">Responsable du traitement<\/h3>\t\t\t\t<\/div>\n\t\t\t\t<\/div>\n\t\t\t\t<div class=\"elementor-element elementor-element-15a21ba elementor-widget elementor-widget-text-editor\" data-id=\"15a21ba\" data-element_type=\"widget\" data-e-type=\"widget\" data-widget_type=\"text-editor.default\">\n\t\t\t\t<div class=\"elementor-widget-container\">\n\t\t\t\t\t\t\t\t\t<p>Sid\u00f3nios Malhas S.A. est une entreprise qui fabrique des tissus \u00e0 mailles.<\/p>\t\t\t\t\t\t\t\t<\/div>\n\t\t\t\t<\/div>\n\t\t\t\t<div class=\"elementor-element elementor-element-38dc183 elementor-widget elementor-widget-heading\" data-id=\"38dc183\" data-element_type=\"widget\" data-e-type=\"widget\" data-widget_type=\"heading.default\">\n\t\t\t\t<div class=\"elementor-widget-container\">\n\t\t\t\t\t<h3 class=\"elementor-heading-title elementor-size-default\">Identit\u00e9 et mission<\/h3>\t\t\t\t<\/div>\n\t\t\t\t<\/div>\n\t\t\t\t<div class=\"elementor-element elementor-element-a1c024c elementor-widget elementor-widget-text-editor\" data-id=\"a1c024c\" data-element_type=\"widget\" data-e-type=\"widget\" data-widget_type=\"text-editor.default\">\n\t\t\t\t<div class=\"elementor-widget-container\">\n\t\t\t\t\t\t\t\t\t<p>Notre entreprise est sp\u00e9cialis\u00e9e dans la conception, le d\u00e9veloppement et la production de tricots circulaires pour les v\u00eatements d'hommes, de femmes et d'enfants. Les technologies que nous avons mises en place nous permettent de fabriquer des produits allant des v\u00eatements intimes aux v\u00eatements de sport actif et de protection, en passant par les v\u00eatements d'ext\u00e9rieur de mode et le pr\u00eat-\u00e0-porter de luxe. L'entreprise a toujours \u00e9t\u00e9 guid\u00e9e par les principes \u00e9thiques et juridiques les plus \u00e9lev\u00e9s et a toujours respect\u00e9 la vie priv\u00e9e de toutes les personnes dont elle recueille et traite les donn\u00e9es personnelles dans le cadre de ses activit\u00e9s. Bien que notre activit\u00e9 principale ne consiste pas en un traitement direct de donn\u00e9es \u00e0 caract\u00e8re personnel, celui-ci est accessoire \u00e0 notre activit\u00e9 et c'est la raison pour laquelle nous fournissons ces garanties.<\/p>\t\t\t\t\t\t\t\t<\/div>\n\t\t\t\t<\/div>\n\t\t\t\t<div class=\"elementor-element elementor-element-205a3ab elementor-widget elementor-widget-heading\" data-id=\"205a3ab\" data-element_type=\"widget\" data-e-type=\"widget\" data-widget_type=\"heading.default\">\n\t\t\t\t<div class=\"elementor-widget-container\">\n\t\t\t\t\t<h3 class=\"elementor-heading-title elementor-size-default\">Traitement des donn\u00e9es \u00e0 caract\u00e8re personnel<\/h3>\t\t\t\t<\/div>\n\t\t\t\t<\/div>\n\t\t\t\t<div class=\"elementor-element elementor-element-647f22c elementor-widget elementor-widget-text-editor\" data-id=\"647f22c\" data-element_type=\"widget\" data-e-type=\"widget\" data-widget_type=\"text-editor.default\">\n\t\t\t\t<div class=\"elementor-widget-container\">\n\t\t\t\t\t\t\t\t\t<p>Les nombreuses donn\u00e9es personnelles recueillies aupr\u00e8s de nos travailleurs, fournisseurs et clients ont pour unique finalit\u00e9 la conception, la fabrication, la promotion, la divulgation et la commercialisation de nos produits. Dans le cadre de notre activit\u00e9, nous proc\u00e9dons \u00e0 la collecte de donn\u00e9es au moment de la conclusion de contrats de travail, de prestation de services, de fourniture et autres, dans le but unique de conclure des contrats et de remplir les obligations l\u00e9gales et contractuelles li\u00e9es \u00e0 ces contrats et \u00e0 notre activit\u00e9.<\/p>\t\t\t\t\t\t\t\t<\/div>\n\t\t\t\t<\/div>\n\t\t\t\t<div class=\"elementor-element elementor-element-5aa5136 elementor-widget elementor-widget-heading\" data-id=\"5aa5136\" data-element_type=\"widget\" data-e-type=\"widget\" data-widget_type=\"heading.default\">\n\t\t\t\t<div class=\"elementor-widget-container\">\n\t\t\t\t\t<h3 class=\"elementor-heading-title elementor-size-default\">Sous-traitants<\/h3>\t\t\t\t<\/div>\n\t\t\t\t<\/div>\n\t\t\t\t<div class=\"elementor-element elementor-element-a1a15e9 elementor-widget elementor-widget-text-editor\" data-id=\"a1a15e9\" data-element_type=\"widget\" data-e-type=\"widget\" data-widget_type=\"text-editor.default\">\n\t\t\t\t<div class=\"elementor-widget-container\">\n\t\t\t\t\t\t\t\t\t<p>Notre soci\u00e9t\u00e9 s'engage \u00e0 ne faire appel qu'\u00e0 des sous-traitants qui nous fournissent des garanties suffisantes de traitement des donn\u00e9es en accord et en conformit\u00e9 avec les r\u00e8gles de traitement d\u00e9coulant du GDPR. Les d\u00e9tenteurs de donn\u00e9es personnelles peuvent \u00eatre assur\u00e9s que leurs donn\u00e9es seront trait\u00e9es de mani\u00e8re confidentielle et conform\u00e9ment \u00e0 toutes les r\u00e8gles de traitement des donn\u00e9es et \u00e0 la pr\u00e9sente politique de confidentialit\u00e9, ainsi qu'aux ordres, instructions et proc\u00e9dures internes visant \u00e0 respecter la vie priv\u00e9e de la personne concern\u00e9e.<\/p>\t\t\t\t\t\t\t\t<\/div>\n\t\t\t\t<\/div>\n\t\t\t\t<div class=\"elementor-element elementor-element-751dee3 elementor-widget elementor-widget-heading\" data-id=\"751dee3\" data-element_type=\"widget\" data-e-type=\"widget\" data-widget_type=\"heading.default\">\n\t\t\t\t<div class=\"elementor-widget-container\">\n\t\t\t\t\t<h3 class=\"elementor-heading-title elementor-size-default\">Garanties de traitement des donn\u00e9es<\/h3>\t\t\t\t<\/div>\n\t\t\t\t<\/div>\n\t\t\t\t<div class=\"elementor-element elementor-element-804082b elementor-widget elementor-widget-text-editor\" data-id=\"804082b\" data-element_type=\"widget\" data-e-type=\"widget\" data-widget_type=\"text-editor.default\">\n\t\t\t\t<div class=\"elementor-widget-container\">\n\t\t\t\t\t\t\t\t\t<p>Nous nous engageons \u00e0 poursuivre notre action et \u00e0 proposer aux tiers et aux sous-traitants les r\u00e8gles suivantes en mati\u00e8re de traitement des donn\u00e9es :<\/p><ul><li>os dados pessoais ser\u00e3o tratados em obedi\u00eancia ao regime legal de tratamento de dados, \u00e0 presente pol\u00edtica de privacidade e a garantia de um tratamento legal, leal e transparente ;<\/li><li>os dados recolhidos s\u00e3o meramente instrumentais \u00e0 nossa atividade, destinando-se a prosseguir uma finalidade determinada, espec\u00edfica e leg\u00edtima, n\u00e3o tendo um tratamento posterior incompat\u00edvel com estas finalidades ;<\/li><li>nous respectons le principe de minimisation des donn\u00e9es, en ne conservant que les donn\u00e9es consid\u00e9r\u00e9es comme ad\u00e9quates, pertinentes et n\u00e9cessaires aux finalit\u00e9s de la collecte et du traitement ;<\/li><li>em obedi\u00eancia ao princ\u00edpio da exatid\u00e3o, manteremos os seus dados exatos e atualizados sempre que necess\u00e1rio, sendo adotadas e disponibilizadas ao seu titular todas as medidas necess\u00e1rias a garantir a sua exatid\u00e3o permanente e corre\u00e7\u00e3o, nomeadamente o direito de retifica\u00e7\u00e3o ;<\/li><li>Nous assumons la responsabilit\u00e9 de la conservation de nos donn\u00e9es de mani\u00e8re \u00e0 ce qu'elles puissent \u00eatre identifi\u00e9es seulement pendant la p\u00e9riode n\u00e9cessaire pour les finalit\u00e9s pour lesquelles les donn\u00e9es sont trait\u00e9es ;<\/li><li>traiter nos donn\u00e9es conform\u00e9ment au principe de s\u00e9curit\u00e9 - prot\u00e9ger nos donn\u00e9es d'un \u00e9ventuel traitement ill\u00e9gal ou non autoris\u00e9, pr\u00e9venir d'\u00e9ventuelles pertes, une telle destruction ou un acte illicite, en adoptant tous les moyens techniques et organisationnels n\u00e9cessaires \u00e0 un traitement des donn\u00e9es garantissant la s\u00e9curit\u00e9, l'int\u00e9grit\u00e9 et la confidentialit\u00e9 des donn\u00e9es ;<\/li><li>Notre l\u00e9gitimit\u00e9 pour le traitement des donn\u00e9es personnelles s'appuie sur le consentement du titulaire, m\u00eame si celui-ci est la seule cause de l\u00e9gitimit\u00e9, sur la n\u00e9cessit\u00e9 de respecter le contrat ou les proc\u00e9dures pr\u00e9-contractuelles, sur la sauvegarde des int\u00e9r\u00eats vitaux du titulaire ou du troisi\u00e8me titulaire, ainsi que sur la n\u00e9cessit\u00e9 de respecter les obligations l\u00e9gales ou r\u00e9glementaires, la sauvegarde des int\u00e9r\u00eats vitaux du titulaire ou du troisi\u00e8me titulaire, ainsi que l'ex\u00e9cution d'obligations l\u00e9gales ou m\u00eame si le traitement est n\u00e9cessaire \u00e0 la r\u00e9alisation des int\u00e9r\u00eats l\u00e9gitimes de l'entreprise ;<\/li><li>chaque fois que le consentement est sollicit\u00e9 pour le traitement des donn\u00e9es, nous fournissons les informations n\u00e9cessaires concernant les finalit\u00e9s du traitement et nous restons fid\u00e8les \u00e0 ces finalit\u00e9s.<\/li><\/ul>\t\t\t\t\t\t\t\t<\/div>\n\t\t\t\t<\/div>\n\t\t\t\t<div class=\"elementor-element elementor-element-cf2036d elementor-widget elementor-widget-heading\" data-id=\"cf2036d\" data-element_type=\"widget\" data-e-type=\"widget\" data-widget_type=\"heading.default\">\n\t\t\t\t<div class=\"elementor-widget-container\">\n\t\t\t\t\t<h3 class=\"elementor-heading-title elementor-size-default\">Droits du propri\u00e9taire<\/h3>\t\t\t\t<\/div>\n\t\t\t\t<\/div>\n\t\t\t\t<div class=\"elementor-element elementor-element-36a0b2a elementor-widget elementor-widget-text-editor\" data-id=\"36a0b2a\" data-element_type=\"widget\" data-e-type=\"widget\" data-widget_type=\"text-editor.default\">\n\t\t\t\t<div class=\"elementor-widget-container\">\n\t\t\t\t\t\t\t\t\t<p>La personne concern\u00e9e aura le droit, \u00e0 tout moment, d'acc\u00e9der \u00e0 ses donn\u00e9es personnelles et au traitement qui en est fait, de pouvoir les consulter, les rectifier, demander leur effacement ou leur destruction, leur portabilit\u00e9, ainsi que de s'opposer \u00e0 leur traitement ou \u00e0 la prise de d\u00e9cisions fond\u00e9es sur la d\u00e9finition d'un profil automatis\u00e9. Vous pouvez exercer vos droits en envoyant un courriel \u00e0 sidonios@sidonios.com.<\/p>\t\t\t\t\t\t\t\t<\/div>\n\t\t\t\t<\/div>\n\t\t\t\t<div class=\"elementor-element elementor-element-a2c7bd8 elementor-widget elementor-widget-heading\" data-id=\"a2c7bd8\" data-element_type=\"widget\" data-e-type=\"widget\" data-widget_type=\"heading.default\">\n\t\t\t\t<div class=\"elementor-widget-container\">\n\t\t\t\t\t<h3 class=\"elementor-heading-title elementor-size-default\">Droit \u00e0 l'image<\/h3>\t\t\t\t<\/div>\n\t\t\t\t<\/div>\n\t\t\t\t<div class=\"elementor-element elementor-element-bfac24b elementor-widget elementor-widget-text-editor\" data-id=\"bfac24b\" data-element_type=\"widget\" data-e-type=\"widget\" data-widget_type=\"text-editor.default\">\n\t\t\t\t<div class=\"elementor-widget-container\">\n\t\t\t\t\t\t\t\t\t<p>Votre image sera prot\u00e9g\u00e9e et sauvegard\u00e9e, et ne sera divulgu\u00e9e qu'avec votre consentement, lorsque le contexte commercial, contractuel ou promotionnel le justifie, et toujours de mani\u00e8re \u00e0 ce qu'aucune des personnes ne soit parfaitement identifiable ou identifi\u00e9e. Vos donn\u00e9es ne sont pas une affaire pour nous, vos donn\u00e9es sont des informations dont nous avons besoin pour effectuer notre travail et vous fournir le meilleur service possible.<\/p>\t\t\t\t\t\t\t\t<\/div>\n\t\t\t\t<\/div>\n\t\t\t\t<\/div>\n\t\t\t\t\t<\/div>\n\t\t\t\t<\/div>\n\t\t\t\t<\/div>","protected":false},"excerpt":{"rendered":"<p>Privacy Policy Scroll Down Sid\u00f3nios Malhas S.A. recognises the importance of protecting the personal data of its customers and all those who [&hellip;]<\/p>\n","protected":false},"author":1,"featured_media":0,"parent":0,"menu_order":0,"comment_status":"closed","ping_status":"closed","template":"","meta":{"footnotes":""},"class_list":["post-1347","page","type-page","status-publish","hentry"],"_links":{"self":[{"href":"https:\/\/sidonios.pt\/fr\/wp-json\/wp\/v2\/pages\/1347","targetHints":{"allow":["GET"]}}],"collection":[{"href":"https:\/\/sidonios.pt\/fr\/wp-json\/wp\/v2\/pages"}],"about":[{"href":"https:\/\/sidonios.pt\/fr\/wp-json\/wp\/v2\/types\/page"}],"author":[{"embeddable":true,"href":"https:\/\/sidonios.pt\/fr\/wp-json\/wp\/v2\/users\/1"}],"replies":[{"embeddable":true,"href":"https:\/\/sidonios.pt\/fr\/wp-json\/wp\/v2\/comments?post=1347"}],"version-history":[{"count":7,"href":"https:\/\/sidonios.pt\/fr\/wp-json\/wp\/v2\/pages\/1347\/revisions"}],"predecessor-version":[{"id":1357,"href":"https:\/\/sidonios.pt\/fr\/wp-json\/wp\/v2\/pages\/1347\/revisions\/1357"}],"wp:attachment":[{"href":"https:\/\/sidonios.pt\/fr\/wp-json\/wp\/v2\/media?parent=1347"}],"curies":[{"name":"wp","href":"https:\/\/api.w.org\/{rel}","templated":true}]}}